{"id":71,"date":"2018-09-14T13:45:11","date_gmt":"2018-09-14T13:45:11","guid":{"rendered":"http:\/\/sasss.ch\/?page_id=71"},"modified":"2021-07-08T10:34:18","modified_gmt":"2021-07-08T10:34:18","slug":"sass-aparthotel","status":"publish","type":"page","link":"https:\/\/sasss.ch\/?page_id=71","title":{"rendered":"SASS-APARTHOTEL"},"content":{"rendered":"\t\t<div data-elementor-type=\"wp-post\" data-elementor-id=\"71\" class=\"elementor elementor-71 elementor-bc-flex-widget\">\n\t\t\t\t\t\t<div class=\"elementor-inner\">\n\t\t\t\t<div class=\"elementor-section-wrap\">\n\t\t\t\t\t\t\t\t\t<section class=\"elementor-section elementor-top-section elementor-element elementor-element-a44907f elementor-section-boxed elementor-section-height-default elementor-section-height-default\" data-id=\"a44907f\" data-element_type=\"section\">\n\t\t\t\t\t\t<div class=\"elementor-container elementor-column-gap-default\">\n\t\t\t\t\t\t\t<div class=\"elementor-row\">\n\t\t\t\t\t<div class=\"elementor-column elementor-col-100 elementor-top-column elementor-element elementor-element-189459db\" data-id=\"189459db\" data-element_type=\"column\">\n\t\t\t<div class=\"elementor-column-wrap elementor-element-populated\">\n\t\t\t\t\t\t\t<div class=\"elementor-widget-wrap\">\n\t\t\t\t\t\t<div class=\"elementor-element elementor-element-28b89de elementor-widget elementor-widget-image\" data-id=\"28b89de\" data-element_type=\"widget\" data-widget_type=\"image.default\">\n\t\t\t\t<div class=\"elementor-widget-container\">\n\t\t\t\t\t\t\t\t<div class=\"elementor-image\">\n\t\t\t\t\t\t\t\t\t\t\t\t<img width=\"1024\" height=\"351\" src=\"https:\/\/sasss.ch\/wp-content\/uploads\/2018\/09\/80-01.jpg\" class=\"attachment-full size-full\" alt=\"Sass Aparthotel Sch\u00f6nenwerd\" loading=\"lazy\" srcset=\"https:\/\/sasss.ch\/wp-content\/uploads\/2018\/09\/80-01.jpg 1024w, https:\/\/sasss.ch\/wp-content\/uploads\/2018\/09\/80-01-300x103.jpg 300w, https:\/\/sasss.ch\/wp-content\/uploads\/2018\/09\/80-01-768x263.jpg 768w, https:\/\/sasss.ch\/wp-content\/uploads\/2018\/09\/80-01-600x206.jpg 600w\" sizes=\"(max-width: 1024px) 100vw, 1024px\" \/>\t\t\t\t\t\t\t\t\t\t\t\t\t\t<\/div>\n\t\t\t\t\t\t<\/div>\n\t\t\t\t<\/div>\n\t\t\t\t<div class=\"elementor-element elementor-element-633c1359 elementor-widget elementor-widget-text-editor\" data-id=\"633c1359\" data-element_type=\"widget\" data-widget_type=\"text-editor.default\">\n\t\t\t\t<div class=\"elementor-widget-container\">\n\t\t\t\t\t\t\t\t<div class=\"elementor-text-editor elementor-clearfix\">\n\t\t\t\t<p><!-- wp:paragraph --><\/p>\n<p>\u00a0<\/p>\n<p><!-- \/wp:paragraph --><\/p>\n<p><!-- wp:heading {\"level\":1} --><\/p>\n<h1>APARTHOTEL SASS\u00a0<\/h1>\n<h1>IN SCH\u00d6NENWERD<\/h1>\n<div>\u00a0<\/div>\n<p><!-- \/wp:heading --><\/p>\n<p><!-- wp:paragraph --><\/p>\n<p>Sie sind auf der Suche nach einer Wohnung oder Arbeiten f\u00fcr einen kurzen Zeitraum in der Region? Wir bieten Ihnen Langzeitappartements wie auch Kurzzeit.<\/p>\n<p><!-- \/wp:paragraph --><\/p>\n<p><!-- wp:paragraph --><\/p>\n<p>Ob Sie gesch\u00e4ftlich oder privat unterwegs sind f\u00fchlen Sie sich wie Zuhause in einem unserer grossz\u00fcgigen, m\u00f6bilierten Appartements.<\/p>\n<p><!-- \/wp:paragraph --><\/p>\n<p><!-- wp:paragraph --><\/p>\n<p><strong>Inkl. w\u00f6chentliche Reinigung, Waschmaschine und Tumbler sowie Parkpl\u00e4tze.<\/strong><strong>Wir zeigen Ihnen die Unterk\u00fcnfte gerne pers\u00f6nlich vor Ort.<br \/>Bei uns finden Sie bestimmt die passende Unterkunft.<\/strong><\/p>\n<p><b><br \/><\/b>Telefon: 062 849 4000<\/p>\n<p><a href=\"mailto:info@sasss.ch\">info@sasss.ch<\/a><\/p>\n<p>\u00a0<\/p>\n<p><!-- \/wp:paragraph --><\/p>\n<p><!-- wp:paragraph {\"backgroundColor\":\"pale-pink\"} --><\/p>\n<p class=\"has-background has-pale-pink-background-color\">STUDIO 102<\/p>\n<p><!-- \/wp:paragraph --><\/p>\n<p><!-- wp:paragraph --><\/p>\n<p>Dieses Studio ist mit einem TV, Arbeitsplatz mit gratis WLAN-Anschluss und einem grossen Doppelbett (nicht trennbar) eingerichtet. Separates Bad mit Dusche\/WC. Das Studio verf\u00fcgt zus\u00e4tzlich \u00fcber eine Kochnische mit Esstisch.<\/p>\n<p><!-- \/wp:paragraph --><\/p>\n<p><!-- wp:paragraph --><\/p>\n<p><strong>F\u00fcr 1 &#8211; 2 Personen<\/strong><\/p>\n<p><!-- \/wp:paragraph --><\/p>\n<p><!-- wp:paragraph --><\/p>\n<p><strong><a href=\"http:\/\/sasss.ch\/wp-content\/uploads\/2018\/09\/Schoenenwerd-102-moebliertes-Studio.pdf\" target=\"_blank\" rel=\"noreferrer noopener\">\u00a0Download Grundrissplan<\/a><\/strong><\/p>\n<p><!-- \/wp:paragraph --><\/p>\n<p><!-- wp:paragraph {\"backgroundColor\":\"pale-pink\"} --><\/p>\n<p class=\"has-background has-pale-pink-background-color\">DOPPELZIMMER 103 und 104<\/p>\n<p><!-- \/wp:paragraph --><\/p>\n<p><!-- wp:paragraph --><\/p>\n<p>Alle Doppelzimmer sind mit Dusche\/WC, TV, Arbeitsplatz mit gratis WLAN-Anschluss und einem grossen Doppelbett (nicht trennbar) eingerichtet. K\u00fchlschrank und Mikrowelle sind vorhanden.<\/p>\n<p><!-- \/wp:paragraph --><\/p>\n<p><!-- wp:paragraph --><\/p>\n<p><strong>F\u00fcr 1 &#8211; 2 Personen<\/strong><\/p>\n<p><!-- \/wp:paragraph --><\/p>\n<p><!-- wp:paragraph --><\/p>\n<p><strong><a href=\"http:\/\/sasss.ch\/wp-content\/uploads\/2018\/09\/Schoenenwerd-103-104-Doppelzimmer.pdf\" target=\"_blank\" rel=\"noreferrer noopener\">\u00a0Download Grundrissplan<\/a><\/strong><\/p>\n<p><!-- \/wp:paragraph --><\/p>\n<p><!-- wp:paragraph {\"backgroundColor\":\"pale-pink\"} --><\/p>\n<p class=\"has-background has-pale-pink-background-color\">APARTMENT 105<\/p>\n<p><!-- \/wp:paragraph --><\/p>\n<p><!-- wp:paragraph --><\/p>\n<p>Dieses Appartement ist ausgestattet mit einer grossz\u00fcgigen K\u00fcche inkl. Geschirrsp\u00fcler, Mikrowelle, K\u00fchlschrank, Glaskeramikherd und Backofen. Zus\u00e4tzlich verf\u00fcgt das Appartement \u00fcber einen TV, Arbeitsplatz mit gratis WLAN-Anschluss und ein grosses Doppelbett (trennbar). Separates Bad mit Tageslicht und kleiner Balkon.<\/p>\n<p><!-- \/wp:paragraph --><\/p>\n<p><!-- wp:paragraph --><\/p>\n<p><strong>F\u00fcr 1 &#8211; 2 Personen<\/strong><\/p>\n<p><!-- \/wp:paragraph --><\/p>\n<p><!-- wp:paragraph --><\/p>\n<p><strong><a href=\"http:\/\/sasss.ch\/wp-content\/uploads\/2018\/09\/Schoenenwerd-105-1.5-Zimmer-Appartement.pdf\" target=\"_blank\" rel=\"noreferrer noopener\">\u00a0Download Grundrissplan<\/a><\/strong><\/p>\n<p><!-- \/wp:paragraph --><\/p>\n<p><!-- wp:paragraph {\"backgroundColor\":\"pale-pink\"} --><\/p>\n<p class=\"has-background has-pale-pink-background-color\">APARTMENT 202<\/p>\n<p><!-- \/wp:paragraph --><\/p>\n<p><!-- wp:paragraph --><\/p>\n<p>Dieses Appartement ist ausgestattet mit einer K\u00fcche inkl. Mikrowelle, K\u00fchlschrank, Induktionsherd, Backofen und Esstisch. Zus\u00e4tzlich verf\u00fcgt das Appartement \u00fcber eine Sitzgelegenheit, TV, Arbeitsplatz mit gratis WLAN-Anschluss und ein Grandlitbed (M\u00f6glichkeit f\u00fcr ein Zusatzbett). Separates Bad ausgestattet mit Dusche\/WC. Gemeinschaftsterrasse von aussen zug\u00e4nglich.<\/p>\n<p><!-- \/wp:paragraph --><\/p>\n<p><!-- wp:paragraph --><\/p>\n<p><strong>F\u00fcr 1 &#8211; 2 Personen<\/strong><\/p>\n<p><!-- \/wp:paragraph --><\/p>\n<p><!-- wp:paragraph --><\/p>\n<p><strong><a href=\"http:\/\/sasss.ch\/wp-content\/uploads\/2018\/09\/Schoenenwerd-202-1.5-Zimmer-Appartement.pdf\" target=\"_blank\" rel=\"noreferrer noopener\">\u00a0Download Grundrissplan<\/a><\/strong><\/p>\n<p><!-- \/wp:paragraph --><\/p>\n<p><!-- wp:paragraph {\"backgroundColor\":\"pale-pink\"} --><\/p>\n<p class=\"has-background has-pale-pink-background-color\">APARTMENT 203\u00a0<\/p>\n<p><!-- \/wp:paragraph --><\/p>\n<p><!-- wp:paragraph --><\/p>\n<p>Dieses Appartement ist ausgestattet mit einer grossz\u00fcgigen K\u00fcche inkl. Mikrowelle, K\u00fchlschrank, Glaskeramikherd und Esstisch. Zus\u00e4tzlich verf\u00fcgt das Appartement \u00fcber ein Sofa, TV, Arbeitsplatz mit gratis WLAN-Anschluss und ein grosses Doppelbett. Separates grosses Bad mit Dusche und Badewanne. Gemeinschaftsterrasse von aussen zug\u00e4nglich.<\/p>\n<p><!-- \/wp:paragraph --><\/p>\n<p><!-- wp:paragraph --><\/p>\n<p><strong>F\u00fcr 1 &#8211; 4 Personen<\/strong><\/p>\n<p><!-- \/wp:paragraph --><\/p>\n<p><!-- wp:paragraph --><\/p>\n<p><strong><a href=\"http:\/\/sasss.ch\/wp-content\/uploads\/2018\/09\/Schoenenwerd-202-1.5-Zimmer-Appartement.pdf\" target=\"_blank\" rel=\"noreferrer noopener\">\u00a0Download Grundrissplan<\/a><\/strong><\/p>\n<p><!-- \/wp:paragraph --><\/p>\n<p><!-- wp:paragraph {\"backgroundColor\":\"pale-pink\"} --><\/p>\n<p class=\"has-background has-pale-pink-background-color\">STUDIO 205<\/p>\n<p><!-- \/wp:paragraph --><\/p>\n<p><!-- wp:paragraph --><\/p>\n<p>Dieses Studio ist mit einem TV, Arbeitsplatz mit gratis WLAN-Anschluss und einem Grandlitbett eingerichtet. Das Studio verf\u00fcgt zus\u00e4tzlich \u00fcber eine Kochnische mit Esstisch. Separates Bad mit Dusche\/WC. Gemeinschaftsterrasse von aussen zug\u00e4nglich.<\/p>\n<p><!-- \/wp:paragraph --><\/p>\n<p><!-- wp:paragraph --><\/p>\n<p><strong>F\u00fcr 1 Person<\/strong><\/p>\n<p><!-- \/wp:paragraph --><\/p>\n<p><!-- wp:paragraph --><\/p>\n<p><strong><a href=\"http:\/\/sasss.ch\/wp-content\/uploads\/2018\/09\/Schoenenwerd-205-moebliertes-Studio.pdf\" target=\"_blank\" rel=\"noreferrer noopener\">\u00a0Download Grundrissplan<\/a><\/strong><\/p>\n<p><!-- \/wp:paragraph --><\/p>\n<p><!-- wp:paragraph {\"backgroundColor\":\"pale-pink\"} --><\/p>\n<p class=\"has-background has-pale-pink-background-color\">APPARTMENT 01<\/p>\n<p><!-- \/wp:paragraph --><\/p>\n<p><!-- wp:paragraph --><\/p>\n<p>Dieses Appartement ist ausgestattet mit einer grossz\u00fcgigen K\u00fcche inkl. Geschirrsp\u00fcler, Mikrowelle, K\u00fchlschrank, Glaskeramikherd und grossem Esstisch. Zus\u00e4tzlich verf\u00fcgt das Appartement \u00fcber ein Sofa, TV, Arbeitsplatz mit gratis WLAN-Anschluss und ein grosses Doppelbett. Separates grosses Bad mit Dusche und Eckbadewanne. Aussensitzplatz M\u00f6glichkeit zur Erweiterung mit Appartement UG 2.<\/p>\n<p><!-- \/wp:paragraph --><\/p>\n<p><!-- wp:paragraph --><\/p>\n<p><strong>F\u00fcr 1 &#8211; 4 Personen<\/strong><\/p>\n<p><!-- \/wp:paragraph --><\/p>\n<p><!-- wp:paragraph --><\/p>\n<p><strong><a href=\"http:\/\/sasss.ch\/wp-content\/uploads\/2018\/09\/Schoenenwerd-UG1-1.5-Zimmer-Appartement-01.pdf\" target=\"_blank\" rel=\"noreferrer noopener\">\u00a0Download Grundrissplan<\/a><\/strong><\/p>\n<p><!-- \/wp:paragraph --><\/p>\n<p><!-- wp:paragraph {\"backgroundColor\":\"pale-pink\"} --><\/p>\n<p class=\"has-background has-pale-pink-background-color\">APPARTMENT 02<\/p>\n<p><!-- \/wp:paragraph --><\/p>\n<p><!-- wp:paragraph --><\/p>\n<p>Dieses Appartement ist mit einem TV, Arbeitsplatz mit gratis WLAN-Anschluss und einem grossen Doppelbett (trennbar) eingerichtet. Separates grosses Bad mit Dusche\/WC. Das Studio verf\u00fcgt zus\u00e4tzlich \u00fcber eine Kochnische.<\/p>\n<p><!-- \/wp:paragraph --><\/p>\n<p><!-- wp:paragraph --><\/p>\n<p><strong>F\u00fcr 1 &#8211; 2 Personen<\/strong><\/p>\n<p><!-- \/wp:paragraph --><\/p>\n<p><!-- wp:paragraph --><\/p>\n<p><a href=\"http:\/\/sasss.ch\/wp-content\/uploads\/2018\/09\/RSD_Schoenenwerd-UG2-moebliertes-Appartement-02.pdf\" target=\"_blank\" rel=\"noreferrer noopener\"><strong>\u00a0Download Grundrissplan<\/strong><\/a><\/p>\n<p><!-- \/wp:paragraph --><\/p>\t\t\t\t\t<\/div>\n\t\t\t\t\t\t<\/div>\n\t\t\t\t<\/div>\n\t\t\t\t\t\t<\/div>\n\t\t\t\t\t<\/div>\n\t\t<\/div>\n\t\t\t\t\t\t\t\t<\/div>\n\t\t\t\t\t<\/div>\n\t\t<\/section>\n\t\t\t\t\t\t\t\t\t<\/div>\n\t\t\t<\/div>\n\t\t\t\t\t<\/div>\n\t\t","protected":false},"excerpt":{"rendered":"<p>\u00a0 APARTHOTEL SASS\u00a0 IN SCH\u00d6NENWERD \u00a0 Sie sind auf der Suche nach einer Wohnung oder Arbeiten f\u00fcr einen kurzen Zeitraum in der Region? Wir bieten Ihnen Langzeitappartements wie auch Kurzzeit. Ob Sie gesch\u00e4ftlich oder privat unterwegs sind f\u00fchlen Sie sich wie Zuhause in einem unserer grossz\u00fcgigen, m\u00f6bilierten Appartements. Inkl. w\u00f6chentliche Reinigung, Waschmaschine und Tumbler sowie <a href=\"https:\/\/sasss.ch\/?page_id=71\" rel=\"nofollow\"><span class=\"sr-only\">Read more about SASS-APARTHOTEL<\/span>[&hellip;]<\/a><\/p>\n","protected":false},"author":1,"featured_media":44,"parent":0,"menu_order":0,"comment_status":"closed","ping_status":"closed","template":"templates\/builder-fullwidth-std.php","meta":{"_mi_skip_tracking":false},"aioseo_notices":[],"yoast_head":"<!-- This site is optimized with the Yoast SEO plugin v19.9 - https:\/\/yoast.com\/wordpress\/plugins\/seo\/ -->\n<title>SASS-APARTHOTEL - SASS APARTHOTEL &amp; BAR<\/title>\n<meta name=\"robots\" content=\"index, follow, max-snippet:-1, max-image-preview:large, max-video-preview:-1\" \/>\n<link rel=\"canonical\" href=\"https:\/\/sasss.ch\/?page_id=71\" \/>\n<meta property=\"og:locale\" content=\"de_DE\" \/>\n<meta property=\"og:type\" content=\"article\" \/>\n<meta property=\"og:title\" content=\"SASS-APARTHOTEL - SASS APARTHOTEL &amp; BAR\" \/>\n<meta property=\"og:description\" content=\"\u00a0 APARTHOTEL SASS\u00a0 IN SCH\u00d6NENWERD \u00a0 Sie sind auf der Suche nach einer Wohnung oder Arbeiten f\u00fcr einen kurzen Zeitraum in der Region? Wir bieten Ihnen Langzeitappartements wie auch Kurzzeit. Ob Sie gesch\u00e4ftlich oder privat unterwegs sind f\u00fchlen Sie sich wie Zuhause in einem unserer grossz\u00fcgigen, m\u00f6bilierten Appartements. Inkl. w\u00f6chentliche Reinigung, Waschmaschine und Tumbler sowie Read more about SASS-APARTHOTEL[&hellip;]\" \/>\n<meta property=\"og:url\" content=\"https:\/\/sasss.ch\/?page_id=71\" \/>\n<meta property=\"og:site_name\" content=\"SASS APARTHOTEL &amp; BAR\" \/>\n<meta property=\"article:modified_time\" content=\"2021-07-08T10:34:18+00:00\" \/>\n<meta property=\"og:image\" content=\"https:\/\/sasss.ch\/wp-content\/uploads\/2018\/09\/IMG_3839.jpg\" \/>\n\t<meta property=\"og:image:width\" content=\"640\" \/>\n\t<meta property=\"og:image:height\" content=\"480\" \/>\n\t<meta property=\"og:image:type\" content=\"image\/jpeg\" \/>\n<meta name=\"twitter:card\" content=\"summary_large_image\" \/>\n<meta name=\"twitter:label1\" content=\"Est. reading time\" \/>\n\t<meta name=\"twitter:data1\" content=\"2 Minuten\" \/>\n<script type=\"application\/ld+json\" class=\"yoast-schema-graph\">{\"@context\":\"https:\/\/schema.org\",\"@graph\":[{\"@type\":\"WebPage\",\"@id\":\"https:\/\/sasss.ch\/?page_id=71\",\"url\":\"https:\/\/sasss.ch\/?page_id=71\",\"name\":\"SASS-APARTHOTEL - SASS APARTHOTEL &amp; BAR\",\"isPartOf\":{\"@id\":\"https:\/\/sasss.ch\/#website\"},\"datePublished\":\"2018-09-14T13:45:11+00:00\",\"dateModified\":\"2021-07-08T10:34:18+00:00\",\"breadcrumb\":{\"@id\":\"https:\/\/sasss.ch\/?page_id=71#breadcrumb\"},\"inLanguage\":\"de-CH\",\"potentialAction\":[{\"@type\":\"ReadAction\",\"target\":[\"https:\/\/sasss.ch\/?page_id=71\"]}]},{\"@type\":\"BreadcrumbList\",\"@id\":\"https:\/\/sasss.ch\/?page_id=71#breadcrumb\",\"itemListElement\":[{\"@type\":\"ListItem\",\"position\":1,\"name\":\"Home\",\"item\":\"https:\/\/sasss.ch\/\"},{\"@type\":\"ListItem\",\"position\":2,\"name\":\"SASS-APARTHOTEL\"}]},{\"@type\":\"WebSite\",\"@id\":\"https:\/\/sasss.ch\/#website\",\"url\":\"https:\/\/sasss.ch\/\",\"name\":\"SASS APARTHOTEL &amp; BAR\",\"description\":\"SCH\u00d6NENWERD\",\"publisher\":{\"@id\":\"https:\/\/sasss.ch\/#organization\"},\"potentialAction\":[{\"@type\":\"SearchAction\",\"target\":{\"@type\":\"EntryPoint\",\"urlTemplate\":\"https:\/\/sasss.ch\/?s={search_term_string}\"},\"query-input\":\"required name=search_term_string\"}],\"inLanguage\":\"de-CH\"},{\"@type\":\"Organization\",\"@id\":\"https:\/\/sasss.ch\/#organization\",\"name\":\"SASS APARTHOTEL &amp; BAR\",\"url\":\"https:\/\/sasss.ch\/\",\"logo\":{\"@type\":\"ImageObject\",\"inLanguage\":\"de-CH\",\"@id\":\"https:\/\/sasss.ch\/#\/schema\/logo\/image\/\",\"url\":\"https:\/\/sasss.ch\/wp-content\/uploads\/2018\/10\/cropped-LOGO_SASS_VEKTOR-web8-4.png\",\"contentUrl\":\"https:\/\/sasss.ch\/wp-content\/uploads\/2018\/10\/cropped-LOGO_SASS_VEKTOR-web8-4.png\",\"width\":312,\"height\":311,\"caption\":\"SASS APARTHOTEL &amp; BAR\"},\"image\":{\"@id\":\"https:\/\/sasss.ch\/#\/schema\/logo\/image\/\"}}]}<\/script>\n<!-- \/ Yoast SEO plugin. -->","yoast_head_json":{"title":"SASS-APARTHOTEL - SASS APARTHOTEL &amp; BAR","robots":{"index":"index","follow":"follow","max-snippet":"max-snippet:-1","max-image-preview":"max-image-preview:large","max-video-preview":"max-video-preview:-1"},"canonical":"https:\/\/sasss.ch\/?page_id=71","og_locale":"de_DE","og_type":"article","og_title":"SASS-APARTHOTEL - SASS APARTHOTEL &amp; BAR","og_description":"\u00a0 APARTHOTEL SASS\u00a0 IN SCH\u00d6NENWERD \u00a0 Sie sind auf der Suche nach einer Wohnung oder Arbeiten f\u00fcr einen kurzen Zeitraum in der Region? Wir bieten Ihnen Langzeitappartements wie auch Kurzzeit. Ob Sie gesch\u00e4ftlich oder privat unterwegs sind f\u00fchlen Sie sich wie Zuhause in einem unserer grossz\u00fcgigen, m\u00f6bilierten Appartements. Inkl. w\u00f6chentliche Reinigung, Waschmaschine und Tumbler sowie Read more about SASS-APARTHOTEL[&hellip;]","og_url":"https:\/\/sasss.ch\/?page_id=71","og_site_name":"SASS APARTHOTEL &amp; BAR","article_modified_time":"2021-07-08T10:34:18+00:00","og_image":[{"width":640,"height":480,"url":"https:\/\/sasss.ch\/wp-content\/uploads\/2018\/09\/IMG_3839.jpg","type":"image\/jpeg"}],"twitter_card":"summary_large_image","twitter_misc":{"Est. reading time":"2 Minuten"},"schema":{"@context":"https:\/\/schema.org","@graph":[{"@type":"WebPage","@id":"https:\/\/sasss.ch\/?page_id=71","url":"https:\/\/sasss.ch\/?page_id=71","name":"SASS-APARTHOTEL - SASS APARTHOTEL &amp; BAR","isPartOf":{"@id":"https:\/\/sasss.ch\/#website"},"datePublished":"2018-09-14T13:45:11+00:00","dateModified":"2021-07-08T10:34:18+00:00","breadcrumb":{"@id":"https:\/\/sasss.ch\/?page_id=71#breadcrumb"},"inLanguage":"de-CH","potentialAction":[{"@type":"ReadAction","target":["https:\/\/sasss.ch\/?page_id=71"]}]},{"@type":"BreadcrumbList","@id":"https:\/\/sasss.ch\/?page_id=71#breadcrumb","itemListElement":[{"@type":"ListItem","position":1,"name":"Home","item":"https:\/\/sasss.ch\/"},{"@type":"ListItem","position":2,"name":"SASS-APARTHOTEL"}]},{"@type":"WebSite","@id":"https:\/\/sasss.ch\/#website","url":"https:\/\/sasss.ch\/","name":"SASS APARTHOTEL &amp; BAR","description":"SCH\u00d6NENWERD","publisher":{"@id":"https:\/\/sasss.ch\/#organization"},"potentialAction":[{"@type":"SearchAction","target":{"@type":"EntryPoint","urlTemplate":"https:\/\/sasss.ch\/?s={search_term_string}"},"query-input":"required name=search_term_string"}],"inLanguage":"de-CH"},{"@type":"Organization","@id":"https:\/\/sasss.ch\/#organization","name":"SASS APARTHOTEL &amp; BAR","url":"https:\/\/sasss.ch\/","logo":{"@type":"ImageObject","inLanguage":"de-CH","@id":"https:\/\/sasss.ch\/#\/schema\/logo\/image\/","url":"https:\/\/sasss.ch\/wp-content\/uploads\/2018\/10\/cropped-LOGO_SASS_VEKTOR-web8-4.png","contentUrl":"https:\/\/sasss.ch\/wp-content\/uploads\/2018\/10\/cropped-LOGO_SASS_VEKTOR-web8-4.png","width":312,"height":311,"caption":"SASS APARTHOTEL &amp; BAR"},"image":{"@id":"https:\/\/sasss.ch\/#\/schema\/logo\/image\/"}}]}},"_links":{"self":[{"href":"https:\/\/sasss.ch\/index.php?rest_route=\/wp\/v2\/pages\/71"}],"collection":[{"href":"https:\/\/sasss.ch\/index.php?rest_route=\/wp\/v2\/pages"}],"about":[{"href":"https:\/\/sasss.ch\/index.php?rest_route=\/wp\/v2\/types\/page"}],"author":[{"embeddable":true,"href":"https:\/\/sasss.ch\/index.php?rest_route=\/wp\/v2\/users\/1"}],"replies":[{"embeddable":true,"href":"https:\/\/sasss.ch\/index.php?rest_route=%2Fwp%2Fv2%2Fcomments&post=71"}],"version-history":[{"count":30,"href":"https:\/\/sasss.ch\/index.php?rest_route=\/wp\/v2\/pages\/71\/revisions"}],"predecessor-version":[{"id":397,"href":"https:\/\/sasss.ch\/index.php?rest_route=\/wp\/v2\/pages\/71\/revisions\/397"}],"wp:featuredmedia":[{"embeddable":true,"href":"https:\/\/sasss.ch\/index.php?rest_route=\/wp\/v2\/media\/44"}],"wp:attachment":[{"href":"https:\/\/sasss.ch\/index.php?rest_route=%2Fwp%2Fv2%2Fmedia&parent=71"}],"curies":[{"name":"wp","href":"https:\/\/api.w.org\/{rel}","templated":true}]}}